{"id":971,"date":"2019-04-30T08:29:51","date_gmt":"2019-04-30T06:29:51","guid":{"rendered":"http:\/\/hallofernweh.de\/?page_id=971"},"modified":"2023-06-27T20:41:54","modified_gmt":"2023-06-27T18:41:54","slug":"fotoausruestung","status":"publish","type":"page","link":"https:\/\/fernwehmotive.de\/en\/mein-blog-und-ich\/fotoausruestung\/","title":{"rendered":"Photo Equipment"},"content":{"rendered":"<p>Photography while traveling is my greatest passion besides traveling itself. On my travels I love to photograph the beauty of nature, animals and landscapes or even special architecture or lost places and to share it with other people. I am equipped with a <strong>full-frame Sony camera<\/strong> and a slightly lighter <strong>Olympus OM-D E-M1 Mark III<\/strong> with Micro Four Thirds Sensor.<\/p>\n\n\n\n<hr class=\"wp-block-separator has-css-opacity\"\/>\n\n\n\n<p><em>This site contains affiliate links, these are marked with *. If you buy a product through one of these links, I get a small commission and you help me to keep filling Fernweh-Motive with interesting content. The product will not be more expensive for you and you do me a huge favor.<\/em><\/p>\n\n\n\n<figure class=\"wp-block-image size-large\"><img fetchpriority=\"high\" decoding=\"async\" width=\"1024\" height=\"683\" data-attachment-id=\"7745\" data-permalink=\"https:\/\/fernwehmotive.de\/en\/olympus-digital-camera\/\" data-orig-file=\"https:\/\/fernwehmotive.de\/wp-content\/uploads\/2020\/03\/20200322_OMII2628_DxO.jpg\" data-orig-size=\"1200,800\" data-comments-opened=\"1\" data-image-meta=\"{&quot;aperture&quot;:&quot;6.3&quot;,&quot;credit&quot;:&quot;Eiswolf&quot;,&quot;camera&quot;:&quot;E-M1MarkII&quot;,&quot;caption&quot;:&quot;OLYMPUS DIGITAL CAMERA&quot;,&quot;created_timestamp&quot;:&quot;1584877782&quot;,&quot;copyright&quot;:&quot;Mareike Schadach&quot;,&quot;focal_length&quot;:&quot;17&quot;,&quot;iso&quot;:&quot;1600&quot;,&quot;shutter_speed&quot;:&quot;0.0166666666667&quot;,&quot;title&quot;:&quot;OLYMPUS DIGITAL CAMERA&quot;,&quot;orientation&quot;:&quot;1&quot;}\" data-image-title=\"Icarette\" data-image-description=\"\" data-image-caption=\"&lt;p&gt;Icarette&lt;\/p&gt;\" data-medium-file=\"https:\/\/fernwehmotive.de\/wp-content\/uploads\/2020\/03\/20200322_OMII2628_DxO-300x200.jpg\" data-large-file=\"https:\/\/fernwehmotive.de\/wp-content\/uploads\/2020\/03\/20200322_OMII2628_DxO-1024x683.jpg\" src=\"https:\/\/fernwehmotive.de\/wp-content\/uploads\/2020\/03\/20200322_OMII2628_DxO-1024x683.jpg\" alt=\"\" class=\"wp-image-7745\" srcset=\"https:\/\/fernwehmotive.de\/wp-content\/uploads\/2020\/03\/20200322_OMII2628_DxO-1024x683.jpg 1024w, https:\/\/fernwehmotive.de\/wp-content\/uploads\/2020\/03\/20200322_OMII2628_DxO-300x200.jpg 300w, https:\/\/fernwehmotive.de\/wp-content\/uploads\/2020\/03\/20200322_OMII2628_DxO-768x512.jpg 768w, https:\/\/fernwehmotive.de\/wp-content\/uploads\/2020\/03\/20200322_OMII2628_DxO-696x464.jpg 696w, https:\/\/fernwehmotive.de\/wp-content\/uploads\/2020\/03\/20200322_OMII2628_DxO-1068x712.jpg 1068w, https:\/\/fernwehmotive.de\/wp-content\/uploads\/2020\/03\/20200322_OMII2628_DxO.jpg 1200w\" sizes=\"(max-width: 1024px) 100vw, 1024px\" \/><figcaption class=\"wp-element-caption\">The Icarette (built around 1920) from my great-grandfather is still in the family. <\/figcaption><\/figure>\n\n\n\n<hr class=\"wp-block-separator has-css-opacity\"\/>\n\n\n\n<h3 class=\"wp-block-heading\" id=\"h-kameras\">Cameras<\/h3>\n\n\n\n<ul class=\"wp-block-list\">\n<li><a href=\"https:\/\/amzn.to\/38fGNEq\" target=\"_blank\" rel=\"noreferrer noopener\"><\/a><a href=\"https:\/\/amzn.to\/3yvurWv\" target=\"_blank\" rel=\"noreferrer noopener\">Sony alpha 7 IV*<\/a><\/li>\n\n\n\n<li><a href=\"https:\/\/amzn.to\/3zdmy4P\" target=\"_blank\" rel=\"noreferrer noopener\">Olympus OM-D E-M1 Mark III*<\/a><\/li>\n\n\n\n<li><a href=\"https:\/\/amzn.to\/3AfrNFA\" target=\"_blank\" rel=\"noreferrer noopener\">DJI Mavic Mini 2*<\/a><\/li>\n\n\n\n<li><a href=\"https:\/\/amzn.to\/2Yn9UUR\" target=\"_blank\" rel=\"noreferrer noopener\">GoPro Hero 9*<\/a><\/li>\n<\/ul>\n\n\n\n<h3 class=\"wp-block-heading\" id=\"h-objektive-und-filter\">Lenses and Filters<\/h3>\n\n\n\n<ul class=\"wp-block-list\">\n<li><a href=\"https:\/\/amzn.to\/30k2Mpr\" target=\"_blank\" rel=\"noreferrer noopener\">SEL FE 24-70 mm F2,8 GM*<\/a><\/li>\n\n\n\n<li><a href=\"https:\/\/amzn.to\/38hA9xC\" target=\"_blank\" rel=\"noreferrer noopener\">SEL 100-400mm \/4,5-5,6 GM*<\/a><\/li>\n\n\n\n<li><a href=\"https:\/\/amzn.to\/38dZlor\" target=\"_blank\" rel=\"noreferrer noopener\">SEL FE 200-600mm F5,6-6,3 G OSS*<\/a><\/li>\n\n\n\n<li>Sigma 16-28 mm F2,8 DG DN Art<\/li>\n\n\n\n<li><a aria-label=\"Olympus M.Zuiko Digital ED 12-100mm F4.0 IS PRO (opens in a new tab)\" href=\"https:\/\/amzn.to\/2Wm7nGG\" target=\"_blank\" rel=\"noreferrer noopener\">Olympus M.Zuiko Digital ED 12-100mm F4.0 IS PRO<\/a><a aria-label=\"Olympus M.Zuiko Digital ED 12-100mm F4.0 IS PRO  (opens in a new tab)\" href=\"https:\/\/amzn.to\/37cRTaM\" target=\"_blank\" rel=\"noreferrer noopener\">* <\/a><\/li>\n\n\n\n<li><a aria-label=\" (opens in a new tab)\" href=\"https:\/\/amzn.to\/33kmnXa\" target=\"_blank\" rel=\"noreferrer noopener\">Olympus M. Zuiko Digital ED 7-14mm F2.8 PRO*<\/a><\/li>\n\n\n\n<li><a aria-label=\" (opens in a new tab)\" href=\"https:\/\/amzn.to\/2IOBjU1\" target=\"_blank\" rel=\"noreferrer noopener\">Olympus M.Zuiko Digital ED 40-150mm F2.8 PRO*<\/a><\/li>\n\n\n\n<li><a href=\"https:\/\/amzn.to\/3Em7MN2\" target=\"_blank\" rel=\"noreferrer noopener\">Olympus M.Zuiko Digital ED 300mm F4.0 PRO*<\/a><\/li>\n\n\n\n<li><a aria-label=\"Olympus M.Zuiko Digital ED 17mm F1.8 (opens in a new tab)\" href=\"https:\/\/amzn.to\/33j46cV\" target=\"_blank\" rel=\"noreferrer noopener\">Olympus M.Zuiko Digital ED 17mm F1.8*<\/a><a aria-label=\"Olympus M.Zuiko Digital ED 17 F1.8 (opens in a new tab)\" href=\"https:\/\/amzn.to\/2RuL1Ps\" target=\"_blank\" rel=\"noreferrer noopener\">*<\/a><\/li>\n\n\n\n<li><a aria-label=\" (opens in a new tab)\" href=\"https:\/\/amzn.to\/33lsPxc\" target=\"_blank\" rel=\"noreferrer noopener\">Olympus MC 1.4 Teleconverter for 40-150 mm M.ZUIKO DIGITAL Lens*<\/a> <\/li>\n<\/ul>\n\n\n\n<h3 class=\"wp-block-heading\" id=\"h-stative\">Tripods<\/h3>\n\n\n\n<ul class=\"wp-block-list\">\n<li><a href=\"https:\/\/amzn.to\/3tL7tGy\" target=\"_blank\" rel=\"noreferrer noopener\">Rollei Carbon Tripod CT-5C<\/a> with Benro S4 Pro video head<\/li>\n\n\n\n<li><a href=\"https:\/\/amzn.to\/3ODiLXj\" target=\"_blank\" rel=\"noreferrer noopener\">JOBY JB01507-BWW GorillaPod*<\/a><\/li>\n<\/ul>\n\n\n\n<h3 class=\"wp-block-heading\" id=\"h-bildbearbeitungssoftware\">Image processing software <\/h3>\n\n\n\n<ul class=\"wp-block-list\">\n<li>Learn Photoshop<\/li>\n\n\n\n<li>Lightroom<\/li>\n\n\n\n<li>Luminar<\/li>\n\n\n\n<li>NIK Collection<\/li>\n<\/ul>","protected":false},"excerpt":{"rendered":"<p>Das Fotografieren w\u00e4hrend des Reisens ist neben dem Reisen selbst meine gr\u00f6\u00dfte Leidenschaft. Ich liebe es, auf meinen Reisen die Sch\u00f6nheit der Natur, Tiere und Landschaften oder auch besondere Architektur oder Lost Places zu fotografieren und mit anderen Menschen zu teilen. Ausgestattet bin ich mit einer Vollformatkamera von Sony sowie mit einer etwas leichteren Olympus [&hellip;]<\/p>\n","protected":false},"author":1,"featured_media":0,"parent":45,"menu_order":3,"comment_status":"closed","ping_status":"closed","template":"","meta":{"jetpack_post_was_ever_published":false,"tdm_status":"","tdm_grid_status":"","footnotes":"","_wp_rev_ctl_limit":""},"class_list":["post-971","page","type-page","status-publish"],"yoast_head":"<!-- This site is optimized with the Yoast SEO plugin v27.3 - https:\/\/yoast.com\/product\/yoast-seo-wordpress\/ -->\n<title>Fotoausr\u00fcstung | Fernweh-Motive<\/title>\n<meta name=\"description\" content=\"Das Fotografieren w\u00e4hrend des Reisens ist neben dem Reisen selbst meine gr\u00f6\u00dfte Leidenschaft. Ich liebe es, auf meinen Reisen die Sch\u00f6nheit der Natur,\" \/>\n<meta name=\"robots\" content=\"noindex, follow\" \/>\n<meta property=\"og:locale\" content=\"en_US\" \/>\n<meta property=\"og:type\" content=\"article\" \/>\n<meta property=\"og:title\" content=\"Fotoausr\u00fcstung | Fernweh-Motive\" \/>\n<meta property=\"og:description\" content=\"Das Fotografieren w\u00e4hrend des Reisens ist neben dem Reisen selbst meine gr\u00f6\u00dfte Leidenschaft. Ich liebe es, auf meinen Reisen die Sch\u00f6nheit der Natur,\" \/>\n<meta property=\"og:url\" content=\"https:\/\/fernwehmotive.de\/en\/mein-blog-und-ich\/fotoausruestung\/\" \/>\n<meta property=\"og:site_name\" content=\"Fernweh-Motive\" \/>\n<meta property=\"article:modified_time\" content=\"2023-06-27T18:41:54+00:00\" \/>\n<meta property=\"og:image\" content=\"https:\/\/fernwehmotive.de\/wp-content\/uploads\/2020\/03\/20200322_OMII2628_DxO-1024x683.jpg\" \/>\n<meta name=\"twitter:card\" content=\"summary_large_image\" \/>\n<meta name=\"twitter:label1\" content=\"Est. reading time\" \/>\n\t<meta name=\"twitter:data1\" content=\"2 minutes\" \/>\n<script type=\"application\/ld+json\" class=\"yoast-schema-graph\">{\"@context\":\"https:\\\/\\\/schema.org\",\"@graph\":[{\"@type\":\"WebPage\",\"@id\":\"https:\\\/\\\/fernwehmotive.de\\\/mein-blog-und-ich\\\/fotoausruestung\\\/\",\"url\":\"https:\\\/\\\/fernwehmotive.de\\\/mein-blog-und-ich\\\/fotoausruestung\\\/\",\"name\":\"Fotoausr\u00fcstung | Fernweh-Motive\",\"isPartOf\":{\"@id\":\"https:\\\/\\\/fernwehmotive.de\\\/#website\"},\"primaryImageOfPage\":{\"@id\":\"https:\\\/\\\/fernwehmotive.de\\\/mein-blog-und-ich\\\/fotoausruestung\\\/#primaryimage\"},\"image\":{\"@id\":\"https:\\\/\\\/fernwehmotive.de\\\/mein-blog-und-ich\\\/fotoausruestung\\\/#primaryimage\"},\"thumbnailUrl\":\"https:\\\/\\\/fernwehmotive.de\\\/wp-content\\\/uploads\\\/2020\\\/03\\\/20200322_OMII2628_DxO-1024x683.jpg\",\"datePublished\":\"2019-04-30T06:29:51+00:00\",\"dateModified\":\"2023-06-27T18:41:54+00:00\",\"description\":\"Das Fotografieren w\u00e4hrend des Reisens ist neben dem Reisen selbst meine gr\u00f6\u00dfte Leidenschaft. Ich liebe es, auf meinen Reisen die Sch\u00f6nheit der Natur,\",\"breadcrumb\":{\"@id\":\"https:\\\/\\\/fernwehmotive.de\\\/mein-blog-und-ich\\\/fotoausruestung\\\/#breadcrumb\"},\"inLanguage\":\"en-US\",\"potentialAction\":[{\"@type\":\"ReadAction\",\"target\":[\"https:\\\/\\\/fernwehmotive.de\\\/mein-blog-und-ich\\\/fotoausruestung\\\/\"]}]},{\"@type\":\"ImageObject\",\"inLanguage\":\"en-US\",\"@id\":\"https:\\\/\\\/fernwehmotive.de\\\/mein-blog-und-ich\\\/fotoausruestung\\\/#primaryimage\",\"url\":\"https:\\\/\\\/fernwehmotive.de\\\/wp-content\\\/uploads\\\/2020\\\/03\\\/20200322_OMII2628_DxO-1024x683.jpg\",\"contentUrl\":\"https:\\\/\\\/fernwehmotive.de\\\/wp-content\\\/uploads\\\/2020\\\/03\\\/20200322_OMII2628_DxO-1024x683.jpg\"},{\"@type\":\"BreadcrumbList\",\"@id\":\"https:\\\/\\\/fernwehmotive.de\\\/mein-blog-und-ich\\\/fotoausruestung\\\/#breadcrumb\",\"itemListElement\":[{\"@type\":\"ListItem\",\"position\":1,\"name\":\"Startseite\",\"item\":\"https:\\\/\\\/fernwehmotive.de\\\/\"},{\"@type\":\"ListItem\",\"position\":2,\"name\":\"About\",\"item\":\"https:\\\/\\\/fernwehmotive.de\\\/mein-blog-und-ich\\\/\"},{\"@type\":\"ListItem\",\"position\":3,\"name\":\"Fotoausr\u00fcstung\"}]},{\"@type\":\"WebSite\",\"@id\":\"https:\\\/\\\/fernwehmotive.de\\\/#website\",\"url\":\"https:\\\/\\\/fernwehmotive.de\\\/\",\"name\":\"Fernweh-Motive\",\"description\":\"Unterwegs mit Rucksack und Kamera\",\"publisher\":{\"@id\":\"https:\\\/\\\/fernwehmotive.de\\\/#\\\/schema\\\/person\\\/68cd356b32dd8b38725e7286bbb30318\"},\"potentialAction\":[{\"@type\":\"SearchAction\",\"target\":{\"@type\":\"EntryPoint\",\"urlTemplate\":\"https:\\\/\\\/fernwehmotive.de\\\/?s={search_term_string}\"},\"query-input\":{\"@type\":\"PropertyValueSpecification\",\"valueRequired\":true,\"valueName\":\"search_term_string\"}}],\"inLanguage\":\"en-US\"},{\"@type\":[\"Person\",\"Organization\"],\"@id\":\"https:\\\/\\\/fernwehmotive.de\\\/#\\\/schema\\\/person\\\/68cd356b32dd8b38725e7286bbb30318\",\"name\":\"Mareike Schadach\",\"logo\":{\"@id\":\"https:\\\/\\\/fernwehmotive.de\\\/#\\\/schema\\\/person\\\/image\\\/\"}}]}<\/script>\n<!-- \/ Yoast SEO plugin. -->","yoast_head_json":{"title":"Fotoausr\u00fcstung | Fernweh-Motive","description":"Das Fotografieren w\u00e4hrend des Reisens ist neben dem Reisen selbst meine gr\u00f6\u00dfte Leidenschaft. Ich liebe es, auf meinen Reisen die Sch\u00f6nheit der Natur,","robots":{"index":"noindex","follow":"follow"},"og_locale":"en_US","og_type":"article","og_title":"Fotoausr\u00fcstung | Fernweh-Motive","og_description":"Das Fotografieren w\u00e4hrend des Reisens ist neben dem Reisen selbst meine gr\u00f6\u00dfte Leidenschaft. Ich liebe es, auf meinen Reisen die Sch\u00f6nheit der Natur,","og_url":"https:\/\/fernwehmotive.de\/en\/mein-blog-und-ich\/fotoausruestung\/","og_site_name":"Fernweh-Motive","article_modified_time":"2023-06-27T18:41:54+00:00","og_image":[{"url":"https:\/\/fernwehmotive.de\/wp-content\/uploads\/2020\/03\/20200322_OMII2628_DxO-1024x683.jpg","type":"","width":"","height":""}],"twitter_card":"summary_large_image","twitter_misc":{"Est. reading time":"2 minutes"},"schema":{"@context":"https:\/\/schema.org","@graph":[{"@type":"WebPage","@id":"https:\/\/fernwehmotive.de\/mein-blog-und-ich\/fotoausruestung\/","url":"https:\/\/fernwehmotive.de\/mein-blog-und-ich\/fotoausruestung\/","name":"Fotoausr\u00fcstung | Fernweh-Motive","isPartOf":{"@id":"https:\/\/fernwehmotive.de\/#website"},"primaryImageOfPage":{"@id":"https:\/\/fernwehmotive.de\/mein-blog-und-ich\/fotoausruestung\/#primaryimage"},"image":{"@id":"https:\/\/fernwehmotive.de\/mein-blog-und-ich\/fotoausruestung\/#primaryimage"},"thumbnailUrl":"https:\/\/fernwehmotive.de\/wp-content\/uploads\/2020\/03\/20200322_OMII2628_DxO-1024x683.jpg","datePublished":"2019-04-30T06:29:51+00:00","dateModified":"2023-06-27T18:41:54+00:00","description":"Das Fotografieren w\u00e4hrend des Reisens ist neben dem Reisen selbst meine gr\u00f6\u00dfte Leidenschaft. Ich liebe es, auf meinen Reisen die Sch\u00f6nheit der Natur,","breadcrumb":{"@id":"https:\/\/fernwehmotive.de\/mein-blog-und-ich\/fotoausruestung\/#breadcrumb"},"inLanguage":"en-US","potentialAction":[{"@type":"ReadAction","target":["https:\/\/fernwehmotive.de\/mein-blog-und-ich\/fotoausruestung\/"]}]},{"@type":"ImageObject","inLanguage":"en-US","@id":"https:\/\/fernwehmotive.de\/mein-blog-und-ich\/fotoausruestung\/#primaryimage","url":"https:\/\/fernwehmotive.de\/wp-content\/uploads\/2020\/03\/20200322_OMII2628_DxO-1024x683.jpg","contentUrl":"https:\/\/fernwehmotive.de\/wp-content\/uploads\/2020\/03\/20200322_OMII2628_DxO-1024x683.jpg"},{"@type":"BreadcrumbList","@id":"https:\/\/fernwehmotive.de\/mein-blog-und-ich\/fotoausruestung\/#breadcrumb","itemListElement":[{"@type":"ListItem","position":1,"name":"Startseite","item":"https:\/\/fernwehmotive.de\/"},{"@type":"ListItem","position":2,"name":"About","item":"https:\/\/fernwehmotive.de\/mein-blog-und-ich\/"},{"@type":"ListItem","position":3,"name":"Fotoausr\u00fcstung"}]},{"@type":"WebSite","@id":"https:\/\/fernwehmotive.de\/#website","url":"https:\/\/fernwehmotive.de\/","name":"Fernweh-Motive","description":"on the Trail with Backpack and Camera","publisher":{"@id":"https:\/\/fernwehmotive.de\/#\/schema\/person\/68cd356b32dd8b38725e7286bbb30318"},"potentialAction":[{"@type":"SearchAction","target":{"@type":"EntryPoint","urlTemplate":"https:\/\/fernwehmotive.de\/?s={search_term_string}"},"query-input":{"@type":"PropertyValueSpecification","valueRequired":true,"valueName":"search_term_string"}}],"inLanguage":"en-US"},{"@type":["Person","Organization"],"@id":"https:\/\/fernwehmotive.de\/#\/schema\/person\/68cd356b32dd8b38725e7286bbb30318","name":"Mareike Schadach","logo":{"@id":"https:\/\/fernwehmotive.de\/#\/schema\/person\/image\/"}}]}},"jetpack_sharing_enabled":true,"jetpack_shortlink":"https:\/\/wp.me\/PawkEb-fF","_links":{"self":[{"href":"https:\/\/fernwehmotive.de\/en\/wp-json\/wp\/v2\/pages\/971","targetHints":{"allow":["GET"]}}],"collection":[{"href":"https:\/\/fernwehmotive.de\/en\/wp-json\/wp\/v2\/pages"}],"about":[{"href":"https:\/\/fernwehmotive.de\/en\/wp-json\/wp\/v2\/types\/page"}],"author":[{"embeddable":true,"href":"https:\/\/fernwehmotive.de\/en\/wp-json\/wp\/v2\/users\/1"}],"replies":[{"embeddable":true,"href":"https:\/\/fernwehmotive.de\/en\/wp-json\/wp\/v2\/comments?post=971"}],"version-history":[{"count":1,"href":"https:\/\/fernwehmotive.de\/en\/wp-json\/wp\/v2\/pages\/971\/revisions"}],"predecessor-version":[{"id":14670,"href":"https:\/\/fernwehmotive.de\/en\/wp-json\/wp\/v2\/pages\/971\/revisions\/14670"}],"up":[{"embeddable":true,"href":"https:\/\/fernwehmotive.de\/en\/wp-json\/wp\/v2\/pages\/45"}],"wp:attachment":[{"href":"https:\/\/fernwehmotive.de\/en\/wp-json\/wp\/v2\/media?parent=971"}],"curies":[{"name":"wp","href":"https:\/\/api.w.org\/{rel}","templated":true}]}}