{"id":7202,"date":"2020-02-16T18:35:25","date_gmt":"2020-02-16T17:35:25","guid":{"rendered":"https:\/\/fernwehmotive.de\/?page_id=7202"},"modified":"2020-02-16T18:36:21","modified_gmt":"2020-02-16T17:36:21","slug":"meine-europakarte","status":"publish","type":"page","link":"https:\/\/fernwehmotive.de\/en\/mein-blog-und-ich\/meine-europakarte\/","title":{"rendered":"Meine Europakarte"},"content":{"rendered":"\n<p>Auf meiner Europakarte seht ihr alle L\u00e4nder, f\u00fcr die ich auf meinem Blog einen oder mehrere Beitr\u00e4ge geschrieben habe. Wenn ihr auf ein Land klickt, dann kommt ihr direkt zu den zugeh\u00f6rigen Beitr\u00e4gen. <\/p>\n\n\n<div id=\"unique_iwm_0\"><!-- Map Generated CSS --> \n <style>\n.iwm_map_canvas { overflow:hidden; }#map_canvas_4 path[stroke-width^='3'] + path { display:none; }#map_canvas_4 path[stroke-width^='3'] + path + path:not([fill^='#f5f5f5']) { display:none; }#map_canvas_4 path[stroke-width^='3'] { fill:2c8fcf;  }#map_canvas_4 path[fill^='#f5f5f5'] { pointer-events: none; }#map_canvas_4 path[fill^='none'] { pointer-events: none; }#map_canvas_4 path:not([fill^='#f5f5f5']) + path[stroke-width^='3'] { stroke-width:1; stroke-opacity:0; stroke:2c8fcf; }#map_canvas_4 circle[stroke-width='3'] { fill:2c8fcf;  }#map_canvas_4 text:hover { fill:2c8fcf;  }#map_canvas_4 path:not([id]) { stroke:#949494; }#map_canvas_4 path:not([id]) { stroke-width:1; }#map_canvas_4 path[fill^=\"#f5f5f5\"] { stroke-width:1; }#map_canvas_4 path[fill^=\"#f5f5f5\"]:hover { stroke-width:1; }#map_canvas_4 path[fill^=\"none\"] { stroke-width:1; stroke-opacity:0; }#map_canvas_4 { background-repeat:no-repeat; background-size: 100% 100%; }<\/style><div class='iwm_map_canvas'><div id='map_canvas_4' data-map-id='4'  class='i_world_map ' class='iwm_map_canvas'><div class='iwm_placeholder'><img width='32px' alt='Europa Placeholder' title='Europa' src='https:\/\/fernwehmotive.de\/wp-content\/plugins\/interactive-world-maps\/imgs\/placeholder.png'><br>Europa<\/div><\/div><\/div><\/div>\n\n\n\n<p><a href=\"https:\/\/fernwehmotive.de\/mein-blog-und-ich\/meine-weltkarte\/\"><strong>zur\u00fcck zu meiner Weltkarte<\/strong><\/a><\/p>\n","protected":false},"excerpt":{"rendered":"<p>Auf meiner Europakarte seht ihr alle L\u00e4nder, f\u00fcr die ich auf meinem Blog einen oder mehrere Beitr\u00e4ge geschrieben habe. Wenn ihr auf ein Land klickt, dann kommt ihr direkt zu den zugeh\u00f6rigen Beitr\u00e4gen. zur\u00fcck zu meiner Weltkarte<\/p>","protected":false},"author":1,"featured_media":0,"parent":45,"menu_order":2,"comment_status":"closed","ping_status":"closed","template":"","meta":{"jetpack_post_was_ever_published":false,"tdm_status":"","tdm_grid_status":"","footnotes":"","_wp_rev_ctl_limit":""},"class_list":["post-7202","page","type-page","status-publish"],"yoast_head":"<!-- This site is optimized with the Yoast SEO plugin v27.3 - https:\/\/yoast.com\/product\/yoast-seo-wordpress\/ -->\n<title>Meine Europakarte | Fernweh-Motive<\/title>\n<meta name=\"description\" content=\"Auf meiner Europakarte seht ihr alle L\u00e4nder, f\u00fcr die ich auf meinem Blog einen oder mehrere Beitr\u00e4ge geschrieben habe. Wenn ihr auf ein Land klickt, dann\" \/>\n<meta name=\"robots\" content=\"index, follow, max-snippet:-1, max-image-preview:large, max-video-preview:-1\" \/>\n<link rel=\"canonical\" href=\"https:\/\/fernwehmotive.de\/en\/mein-blog-und-ich\/meine-europakarte\/\" \/>\n<meta property=\"og:locale\" content=\"en_US\" \/>\n<meta property=\"og:type\" content=\"article\" \/>\n<meta property=\"og:title\" content=\"Meine Europakarte | Fernweh-Motive\" \/>\n<meta property=\"og:description\" content=\"Auf meiner Europakarte seht ihr alle L\u00e4nder, f\u00fcr die ich auf meinem Blog einen oder mehrere Beitr\u00e4ge geschrieben habe. Wenn ihr auf ein Land klickt, dann\" \/>\n<meta property=\"og:url\" content=\"https:\/\/fernwehmotive.de\/en\/mein-blog-und-ich\/meine-europakarte\/\" \/>\n<meta property=\"og:site_name\" content=\"Fernweh-Motive\" \/>\n<meta property=\"article:modified_time\" content=\"2020-02-16T17:36:21+00:00\" \/>\n<meta name=\"twitter:card\" content=\"summary_large_image\" \/>\n<script type=\"application\/ld+json\" class=\"yoast-schema-graph\">{\"@context\":\"https:\\\/\\\/schema.org\",\"@graph\":[{\"@type\":\"WebPage\",\"@id\":\"https:\\\/\\\/fernwehmotive.de\\\/mein-blog-und-ich\\\/meine-europakarte\\\/\",\"url\":\"https:\\\/\\\/fernwehmotive.de\\\/mein-blog-und-ich\\\/meine-europakarte\\\/\",\"name\":\"Meine Europakarte | Fernweh-Motive\",\"isPartOf\":{\"@id\":\"https:\\\/\\\/fernwehmotive.de\\\/#website\"},\"datePublished\":\"2020-02-16T17:35:25+00:00\",\"dateModified\":\"2020-02-16T17:36:21+00:00\",\"description\":\"Auf meiner Europakarte seht ihr alle L\u00e4nder, f\u00fcr die ich auf meinem Blog einen oder mehrere Beitr\u00e4ge geschrieben habe. Wenn ihr auf ein Land klickt, dann\",\"breadcrumb\":{\"@id\":\"https:\\\/\\\/fernwehmotive.de\\\/mein-blog-und-ich\\\/meine-europakarte\\\/#breadcrumb\"},\"inLanguage\":\"en-US\",\"potentialAction\":[{\"@type\":\"ReadAction\",\"target\":[\"https:\\\/\\\/fernwehmotive.de\\\/mein-blog-und-ich\\\/meine-europakarte\\\/\"]}]},{\"@type\":\"BreadcrumbList\",\"@id\":\"https:\\\/\\\/fernwehmotive.de\\\/mein-blog-und-ich\\\/meine-europakarte\\\/#breadcrumb\",\"itemListElement\":[{\"@type\":\"ListItem\",\"position\":1,\"name\":\"Startseite\",\"item\":\"https:\\\/\\\/fernwehmotive.de\\\/\"},{\"@type\":\"ListItem\",\"position\":2,\"name\":\"About\",\"item\":\"https:\\\/\\\/fernwehmotive.de\\\/mein-blog-und-ich\\\/\"},{\"@type\":\"ListItem\",\"position\":3,\"name\":\"Meine Europakarte\"}]},{\"@type\":\"WebSite\",\"@id\":\"https:\\\/\\\/fernwehmotive.de\\\/#website\",\"url\":\"https:\\\/\\\/fernwehmotive.de\\\/\",\"name\":\"Fernweh-Motive\",\"description\":\"Unterwegs mit Rucksack und Kamera\",\"publisher\":{\"@id\":\"https:\\\/\\\/fernwehmotive.de\\\/#\\\/schema\\\/person\\\/68cd356b32dd8b38725e7286bbb30318\"},\"potentialAction\":[{\"@type\":\"SearchAction\",\"target\":{\"@type\":\"EntryPoint\",\"urlTemplate\":\"https:\\\/\\\/fernwehmotive.de\\\/?s={search_term_string}\"},\"query-input\":{\"@type\":\"PropertyValueSpecification\",\"valueRequired\":true,\"valueName\":\"search_term_string\"}}],\"inLanguage\":\"en-US\"},{\"@type\":[\"Person\",\"Organization\"],\"@id\":\"https:\\\/\\\/fernwehmotive.de\\\/#\\\/schema\\\/person\\\/68cd356b32dd8b38725e7286bbb30318\",\"name\":\"Mareike Schadach\",\"logo\":{\"@id\":\"https:\\\/\\\/fernwehmotive.de\\\/#\\\/schema\\\/person\\\/image\\\/\"}}]}<\/script>\n<!-- \/ Yoast SEO plugin. -->","yoast_head_json":{"title":"Meine Europakarte | Fernweh-Motive","description":"Auf meiner Europakarte seht ihr alle L\u00e4nder, f\u00fcr die ich auf meinem Blog einen oder mehrere Beitr\u00e4ge geschrieben habe. Wenn ihr auf ein Land klickt, dann","robots":{"index":"index","follow":"follow","max-snippet":"max-snippet:-1","max-image-preview":"max-image-preview:large","max-video-preview":"max-video-preview:-1"},"canonical":"https:\/\/fernwehmotive.de\/en\/mein-blog-und-ich\/meine-europakarte\/","og_locale":"en_US","og_type":"article","og_title":"Meine Europakarte | Fernweh-Motive","og_description":"Auf meiner Europakarte seht ihr alle L\u00e4nder, f\u00fcr die ich auf meinem Blog einen oder mehrere Beitr\u00e4ge geschrieben habe. Wenn ihr auf ein Land klickt, dann","og_url":"https:\/\/fernwehmotive.de\/en\/mein-blog-und-ich\/meine-europakarte\/","og_site_name":"Fernweh-Motive","article_modified_time":"2020-02-16T17:36:21+00:00","twitter_card":"summary_large_image","schema":{"@context":"https:\/\/schema.org","@graph":[{"@type":"WebPage","@id":"https:\/\/fernwehmotive.de\/mein-blog-und-ich\/meine-europakarte\/","url":"https:\/\/fernwehmotive.de\/mein-blog-und-ich\/meine-europakarte\/","name":"Meine Europakarte | Fernweh-Motive","isPartOf":{"@id":"https:\/\/fernwehmotive.de\/#website"},"datePublished":"2020-02-16T17:35:25+00:00","dateModified":"2020-02-16T17:36:21+00:00","description":"Auf meiner Europakarte seht ihr alle L\u00e4nder, f\u00fcr die ich auf meinem Blog einen oder mehrere Beitr\u00e4ge geschrieben habe. Wenn ihr auf ein Land klickt, dann","breadcrumb":{"@id":"https:\/\/fernwehmotive.de\/mein-blog-und-ich\/meine-europakarte\/#breadcrumb"},"inLanguage":"en-US","potentialAction":[{"@type":"ReadAction","target":["https:\/\/fernwehmotive.de\/mein-blog-und-ich\/meine-europakarte\/"]}]},{"@type":"BreadcrumbList","@id":"https:\/\/fernwehmotive.de\/mein-blog-und-ich\/meine-europakarte\/#breadcrumb","itemListElement":[{"@type":"ListItem","position":1,"name":"Startseite","item":"https:\/\/fernwehmotive.de\/"},{"@type":"ListItem","position":2,"name":"About","item":"https:\/\/fernwehmotive.de\/mein-blog-und-ich\/"},{"@type":"ListItem","position":3,"name":"Meine Europakarte"}]},{"@type":"WebSite","@id":"https:\/\/fernwehmotive.de\/#website","url":"https:\/\/fernwehmotive.de\/","name":"Fernweh-Motive","description":"on the Trail with Backpack and Camera","publisher":{"@id":"https:\/\/fernwehmotive.de\/#\/schema\/person\/68cd356b32dd8b38725e7286bbb30318"},"potentialAction":[{"@type":"SearchAction","target":{"@type":"EntryPoint","urlTemplate":"https:\/\/fernwehmotive.de\/?s={search_term_string}"},"query-input":{"@type":"PropertyValueSpecification","valueRequired":true,"valueName":"search_term_string"}}],"inLanguage":"en-US"},{"@type":["Person","Organization"],"@id":"https:\/\/fernwehmotive.de\/#\/schema\/person\/68cd356b32dd8b38725e7286bbb30318","name":"Mareike Schadach","logo":{"@id":"https:\/\/fernwehmotive.de\/#\/schema\/person\/image\/"}}]}},"jetpack_sharing_enabled":true,"jetpack_shortlink":"https:\/\/wp.me\/PawkEb-1Sa","_links":{"self":[{"href":"https:\/\/fernwehmotive.de\/en\/wp-json\/wp\/v2\/pages\/7202","targetHints":{"allow":["GET"]}}],"collection":[{"href":"https:\/\/fernwehmotive.de\/en\/wp-json\/wp\/v2\/pages"}],"about":[{"href":"https:\/\/fernwehmotive.de\/en\/wp-json\/wp\/v2\/types\/page"}],"author":[{"embeddable":true,"href":"https:\/\/fernwehmotive.de\/en\/wp-json\/wp\/v2\/users\/1"}],"replies":[{"embeddable":true,"href":"https:\/\/fernwehmotive.de\/en\/wp-json\/wp\/v2\/comments?post=7202"}],"version-history":[{"count":0,"href":"https:\/\/fernwehmotive.de\/en\/wp-json\/wp\/v2\/pages\/7202\/revisions"}],"up":[{"embeddable":true,"href":"https:\/\/fernwehmotive.de\/en\/wp-json\/wp\/v2\/pages\/45"}],"wp:attachment":[{"href":"https:\/\/fernwehmotive.de\/en\/wp-json\/wp\/v2\/media?parent=7202"}],"curies":[{"name":"wp","href":"https:\/\/api.w.org\/{rel}","templated":true}]}}