{"id":14444,"date":"2023-05-22T14:36:28","date_gmt":"2023-05-22T12:36:28","guid":{"rendered":"https:\/\/fernwehmotive.de\/?page_id=14444"},"modified":"2023-05-23T18:09:46","modified_gmt":"2023-05-23T16:09:46","slug":"shop-groessentabelle","status":"publish","type":"page","link":"https:\/\/fernwehmotive.de\/en\/shop-groessentabelle\/","title":{"rendered":"Shop &#8211; Gr\u00f6\u00dfentabelle"},"content":{"rendered":"<div data-elementor-type=\"wp-page\" data-elementor-id=\"14444\" class=\"elementor elementor-14444\">\n\t\t\t\t\t\t<section class=\"elementor-section elementor-top-section elementor-element elementor-element-49ea91f elementor-section-boxed elementor-section-height-default elementor-section-height-default\" data-id=\"49ea91f\" data-element_type=\"section\" data-e-type=\"section\">\n\t\t\t\t\t\t<div class=\"elementor-container elementor-column-gap-default\">\n\t\t\t\t\t<div class=\"elementor-column elementor-col-100 elementor-top-column elementor-element elementor-element-44b8151\" data-id=\"44b8151\" data-element_type=\"column\" data-e-type=\"column\">\n\t\t\t<div class=\"elementor-widget-wrap elementor-element-populated\">\n\t\t\t\t\t\t<div class=\"elementor-element elementor-element-c32cdb2 elementor-widget elementor-widget-spacer\" data-id=\"c32cdb2\" data-element_type=\"widget\" data-e-type=\"widget\" data-widget_type=\"spacer.default\">\n\t\t\t\t<div class=\"elementor-widget-container\">\n\t\t\t\t\t\t\t<div class=\"elementor-spacer\">\n\t\t\t<div class=\"elementor-spacer-inner\"><\/div>\n\t\t<\/div>\n\t\t\t\t\t\t<\/div>\n\t\t\t\t<\/div>\n\t\t\t\t<div class=\"elementor-element elementor-element-f6999c3 elementor-widget elementor-widget-heading\" data-id=\"f6999c3\" data-element_type=\"widget\" data-e-type=\"widget\" data-widget_type=\"heading.default\">\n\t\t\t\t<div class=\"elementor-widget-container\">\n\t\t\t\t\t<h2 class=\"elementor-heading-title elementor-size-default\">Gr\u00f6\u00dfentabellen<\/h2>\t\t\t\t<\/div>\n\t\t\t\t<\/div>\n\t\t\t\t<div class=\"elementor-element elementor-element-3324d1c elementor-widget elementor-widget-spacer\" data-id=\"3324d1c\" data-element_type=\"widget\" data-e-type=\"widget\" data-widget_type=\"spacer.default\">\n\t\t\t\t<div class=\"elementor-widget-container\">\n\t\t\t\t\t\t\t<div class=\"elementor-spacer\">\n\t\t\t<div class=\"elementor-spacer-inner\"><\/div>\n\t\t<\/div>\n\t\t\t\t\t\t<\/div>\n\t\t\t\t<\/div>\n\t\t\t\t<section class=\"elementor-section elementor-inner-section elementor-element elementor-element-bd4efc5 elementor-section-boxed elementor-section-height-default elementor-section-height-default\" data-id=\"bd4efc5\" data-element_type=\"section\" data-e-type=\"section\">\n\t\t\t\t\t\t<div class=\"elementor-container elementor-column-gap-narrow\">\n\t\t\t\t\t<div class=\"elementor-column elementor-col-33 elementor-inner-column elementor-element elementor-element-71b33de\" data-id=\"71b33de\" data-element_type=\"column\" data-e-type=\"column\">\n\t\t\t<div class=\"elementor-widget-wrap elementor-element-populated\">\n\t\t\t\t\t\t<div class=\"elementor-element elementor-element-29029b0 elementor-widget elementor-widget-heading\" data-id=\"29029b0\" data-element_type=\"widget\" data-e-type=\"widget\" data-widget_type=\"heading.default\">\n\t\t\t\t<div class=\"elementor-widget-container\">\n\t\t\t\t\t<h2 class=\"elementor-heading-title elementor-size-default\">Orca-Shirt<\/h2>\t\t\t\t<\/div>\n\t\t\t\t<\/div>\n\t\t\t\t<div class=\"elementor-element elementor-element-3900ac0 elementor-widget elementor-widget-image\" data-id=\"3900ac0\" data-element_type=\"widget\" data-e-type=\"widget\" data-widget_type=\"image.default\">\n\t\t\t\t<div class=\"elementor-widget-container\">\n\t\t\t\t\t\t\t\t\t\t\t\t\t\t\t<img fetchpriority=\"high\" decoding=\"async\" data-attachment-id=\"14459\" data-permalink=\"https:\/\/fernwehmotive.de\/en\/shop-groessentabelle\/bildschirmfoto-2023-05-22-um-14-05-50\/\" data-orig-file=\"https:\/\/fernwehmotive.de\/wp-content\/uploads\/2023\/05\/Bildschirmfoto-2023-05-22-um-14.05.50.png\" data-orig-size=\"936,920\" data-comments-opened=\"1\" data-image-meta=\"{&quot;aperture&quot;:&quot;0&quot;,&quot;credit&quot;:&quot;&quot;,&quot;camera&quot;:&quot;&quot;,&quot;caption&quot;:&quot;&quot;,&quot;created_timestamp&quot;:&quot;0&quot;,&quot;copyright&quot;:&quot;&quot;,&quot;focal_length&quot;:&quot;0&quot;,&quot;iso&quot;:&quot;0&quot;,&quot;shutter_speed&quot;:&quot;0&quot;,&quot;title&quot;:&quot;&quot;,&quot;orientation&quot;:&quot;0&quot;}\" data-image-title=\"Bildschirmfoto 2023-05-22 um 14.05.50\" data-image-description=\"\" data-image-caption=\"\" data-large-file=\"https:\/\/fernwehmotive.de\/wp-content\/uploads\/2023\/05\/Bildschirmfoto-2023-05-22-um-14.05.50.png\" width=\"696\" height=\"684\" src=\"https:\/\/fernwehmotive.de\/wp-content\/uploads\/2023\/05\/Bildschirmfoto-2023-05-22-um-14.05.50.png\" class=\"attachment-large size-large wp-image-14459\" alt=\"\" srcset=\"https:\/\/fernwehmotive.de\/wp-content\/uploads\/2023\/05\/Bildschirmfoto-2023-05-22-um-14.05.50.png 936w, https:\/\/fernwehmotive.de\/wp-content\/uploads\/2023\/05\/Bildschirmfoto-2023-05-22-um-14.05.50-300x295.png 300w, https:\/\/fernwehmotive.de\/wp-content\/uploads\/2023\/05\/Bildschirmfoto-2023-05-22-um-14.05.50-768x755.png 768w, https:\/\/fernwehmotive.de\/wp-content\/uploads\/2023\/05\/Bildschirmfoto-2023-05-22-um-14.05.50-12x12.png 12w, https:\/\/fernwehmotive.de\/wp-content\/uploads\/2023\/05\/Bildschirmfoto-2023-05-22-um-14.05.50-696x684.png 696w\" sizes=\"(max-width: 696px) 100vw, 696px\" \/>\t\t\t\t\t\t\t\t\t\t\t\t\t\t\t<\/div>\n\t\t\t\t<\/div>\n\t\t\t\t\t<\/div>\n\t\t<\/div>\n\t\t\t\t<div class=\"elementor-column elementor-col-33 elementor-inner-column elementor-element elementor-element-8660546\" data-id=\"8660546\" data-element_type=\"column\" data-e-type=\"column\">\n\t\t\t<div class=\"elementor-widget-wrap elementor-element-populated\">\n\t\t\t\t\t\t<div class=\"elementor-element elementor-element-5768876 elementor-widget elementor-widget-heading\" data-id=\"5768876\" data-element_type=\"widget\" data-e-type=\"widget\" data-widget_type=\"heading.default\">\n\t\t\t\t<div class=\"elementor-widget-container\">\n\t\t\t\t\t<h2 class=\"elementor-heading-title elementor-size-default\">Orca-Longsleeve<\/h2>\t\t\t\t<\/div>\n\t\t\t\t<\/div>\n\t\t\t\t<div class=\"elementor-element elementor-element-cc24ff2 elementor-widget elementor-widget-image\" data-id=\"cc24ff2\" data-element_type=\"widget\" data-e-type=\"widget\" data-widget_type=\"image.default\">\n\t\t\t\t<div class=\"elementor-widget-container\">\n\t\t\t\t\t\t\t\t\t\t\t\t\t\t\t<img decoding=\"async\" data-attachment-id=\"14460\" data-permalink=\"https:\/\/fernwehmotive.de\/en\/shop-groessentabelle\/bildschirmfoto-2023-05-22-um-14-06-22\/\" data-orig-file=\"https:\/\/fernwehmotive.de\/wp-content\/uploads\/2023\/05\/Bildschirmfoto-2023-05-22-um-14.06.22.png\" data-orig-size=\"934,874\" data-comments-opened=\"1\" data-image-meta=\"{&quot;aperture&quot;:&quot;0&quot;,&quot;credit&quot;:&quot;&quot;,&quot;camera&quot;:&quot;&quot;,&quot;caption&quot;:&quot;&quot;,&quot;created_timestamp&quot;:&quot;0&quot;,&quot;copyright&quot;:&quot;&quot;,&quot;focal_length&quot;:&quot;0&quot;,&quot;iso&quot;:&quot;0&quot;,&quot;shutter_speed&quot;:&quot;0&quot;,&quot;title&quot;:&quot;&quot;,&quot;orientation&quot;:&quot;0&quot;}\" data-image-title=\"Bildschirmfoto 2023-05-22 um 14.06.22\" data-image-description=\"\" data-image-caption=\"\" data-large-file=\"https:\/\/fernwehmotive.de\/wp-content\/uploads\/2023\/05\/Bildschirmfoto-2023-05-22-um-14.06.22.png\" width=\"696\" height=\"651\" src=\"https:\/\/fernwehmotive.de\/wp-content\/uploads\/2023\/05\/Bildschirmfoto-2023-05-22-um-14.06.22.png\" class=\"attachment-large size-large wp-image-14460\" alt=\"\" srcset=\"https:\/\/fernwehmotive.de\/wp-content\/uploads\/2023\/05\/Bildschirmfoto-2023-05-22-um-14.06.22.png 934w, https:\/\/fernwehmotive.de\/wp-content\/uploads\/2023\/05\/Bildschirmfoto-2023-05-22-um-14.06.22-300x281.png 300w, https:\/\/fernwehmotive.de\/wp-content\/uploads\/2023\/05\/Bildschirmfoto-2023-05-22-um-14.06.22-768x719.png 768w, https:\/\/fernwehmotive.de\/wp-content\/uploads\/2023\/05\/Bildschirmfoto-2023-05-22-um-14.06.22-13x12.png 13w, https:\/\/fernwehmotive.de\/wp-content\/uploads\/2023\/05\/Bildschirmfoto-2023-05-22-um-14.06.22-696x651.png 696w\" sizes=\"(max-width: 696px) 100vw, 696px\" \/>\t\t\t\t\t\t\t\t\t\t\t\t\t\t\t<\/div>\n\t\t\t\t<\/div>\n\t\t\t\t\t<\/div>\n\t\t<\/div>\n\t\t\t\t<div class=\"elementor-column elementor-col-33 elementor-inner-column elementor-element elementor-element-1532c0a\" data-id=\"1532c0a\" data-element_type=\"column\" data-e-type=\"column\">\n\t\t\t<div class=\"elementor-widget-wrap elementor-element-populated\">\n\t\t\t\t\t\t<div class=\"elementor-element elementor-element-0d57f20 elementor-widget elementor-widget-heading\" data-id=\"0d57f20\" data-element_type=\"widget\" data-e-type=\"widget\" data-widget_type=\"heading.default\">\n\t\t\t\t<div class=\"elementor-widget-container\">\n\t\t\t\t\t<h2 class=\"elementor-heading-title elementor-size-default\">Orca-Hoody - unisex<\/h2>\t\t\t\t<\/div>\n\t\t\t\t<\/div>\n\t\t\t\t<div class=\"elementor-element elementor-element-ce1d1d6 elementor-widget elementor-widget-image\" data-id=\"ce1d1d6\" data-element_type=\"widget\" data-e-type=\"widget\" data-widget_type=\"image.default\">\n\t\t\t\t<div class=\"elementor-widget-container\">\n\t\t\t\t\t\t\t\t\t\t\t\t\t\t\t<img decoding=\"async\" data-attachment-id=\"14461\" data-permalink=\"https:\/\/fernwehmotive.de\/en\/shop-groessentabelle\/bildschirmfoto-2023-05-22-um-14-04-58\/\" data-orig-file=\"https:\/\/fernwehmotive.de\/wp-content\/uploads\/2023\/05\/Bildschirmfoto-2023-05-22-um-14.04.58.png\" data-orig-size=\"936,1012\" data-comments-opened=\"1\" data-image-meta=\"{&quot;aperture&quot;:&quot;0&quot;,&quot;credit&quot;:&quot;&quot;,&quot;camera&quot;:&quot;&quot;,&quot;caption&quot;:&quot;&quot;,&quot;created_timestamp&quot;:&quot;0&quot;,&quot;copyright&quot;:&quot;&quot;,&quot;focal_length&quot;:&quot;0&quot;,&quot;iso&quot;:&quot;0&quot;,&quot;shutter_speed&quot;:&quot;0&quot;,&quot;title&quot;:&quot;&quot;,&quot;orientation&quot;:&quot;0&quot;}\" data-image-title=\"Bildschirmfoto 2023-05-22 um 14.04.58\" data-image-description=\"\" data-image-caption=\"\" data-large-file=\"https:\/\/fernwehmotive.de\/wp-content\/uploads\/2023\/05\/Bildschirmfoto-2023-05-22-um-14.04.58.png\" width=\"696\" height=\"753\" src=\"https:\/\/fernwehmotive.de\/wp-content\/uploads\/2023\/05\/Bildschirmfoto-2023-05-22-um-14.04.58.png\" class=\"attachment-large size-large wp-image-14461\" alt=\"\" srcset=\"https:\/\/fernwehmotive.de\/wp-content\/uploads\/2023\/05\/Bildschirmfoto-2023-05-22-um-14.04.58.png 936w, https:\/\/fernwehmotive.de\/wp-content\/uploads\/2023\/05\/Bildschirmfoto-2023-05-22-um-14.04.58-277x300.png 277w, https:\/\/fernwehmotive.de\/wp-content\/uploads\/2023\/05\/Bildschirmfoto-2023-05-22-um-14.04.58-768x830.png 768w, https:\/\/fernwehmotive.de\/wp-content\/uploads\/2023\/05\/Bildschirmfoto-2023-05-22-um-14.04.58-11x12.png 11w, https:\/\/fernwehmotive.de\/wp-content\/uploads\/2023\/05\/Bildschirmfoto-2023-05-22-um-14.04.58-696x753.png 696w\" sizes=\"(max-width: 696px) 100vw, 696px\" \/>\t\t\t\t\t\t\t\t\t\t\t\t\t\t\t<\/div>\n\t\t\t\t<\/div>\n\t\t\t\t\t<\/div>\n\t\t<\/div>\n\t\t\t\t\t<\/div>\n\t\t<\/section>\n\t\t\t\t\t<\/div>\n\t\t<\/div>\n\t\t\t\t\t<\/div>\n\t\t<\/section>\n\t\t\t\t<section class=\"elementor-section elementor-top-section elementor-element elementor-element-5c06d4d elementor-section-boxed elementor-section-height-default elementor-section-height-default\" data-id=\"5c06d4d\" data-element_type=\"section\" data-e-type=\"section\">\n\t\t\t\t\t\t<div class=\"elementor-container elementor-column-gap-default\">\n\t\t\t\t\t<div class=\"elementor-column elementor-col-100 elementor-top-column elementor-element elementor-element-be1423a\" data-id=\"be1423a\" data-element_type=\"column\" data-e-type=\"column\">\n\t\t\t<div class=\"elementor-widget-wrap elementor-element-populated\">\n\t\t\t\t\t\t<div class=\"elementor-element elementor-element-7d733d9 elementor-align-center elementor-widget elementor-widget-button\" data-id=\"7d733d9\" data-element_type=\"widget\" data-e-type=\"widget\" data-widget_type=\"button.default\">\n\t\t\t\t<div class=\"elementor-widget-container\">\n\t\t\t\t\t\t\t\t\t<div class=\"elementor-button-wrapper\">\n\t\t\t\t\t<a class=\"elementor-button elementor-button-link elementor-size-sm\" href=\"https:\/\/fernwehmotive.de\/en\/shop\/\">\n\t\t\t\t\t\t<span class=\"elementor-button-content-wrapper\">\n\t\t\t\t\t\t\t\t\t<span class=\"elementor-button-text\">zur\u00fcck zum Shop<\/span>\n\t\t\t\t\t<\/span>\n\t\t\t\t\t<\/a>\n\t\t\t\t<\/div>\n\t\t\t\t\t\t\t\t<\/div>\n\t\t\t\t<\/div>\n\t\t\t\t\t<\/div>\n\t\t<\/div>\n\t\t\t\t\t<\/div>\n\t\t<\/section>\n\t\t\t\t<\/div>","protected":false},"excerpt":{"rendered":"<p>Gr\u00f6\u00dfentabellen Orca-Shirt Orca-Longsleeve Orca-Hoody &#8211; unisex zur\u00fcck zum Shop<\/p>","protected":false},"author":1,"featured_media":0,"parent":0,"menu_order":0,"comment_status":"closed","ping_status":"closed","template":"elementor_header_footer","meta":{"jetpack_post_was_ever_published":false,"tdm_status":"","tdm_grid_status":"","footnotes":"","_wp_rev_ctl_limit":""},"class_list":["post-14444","page","type-page","status-publish"],"yoast_head":"<!-- This site is optimized with the Yoast SEO plugin v27.4 - https:\/\/yoast.com\/product\/yoast-seo-wordpress\/ -->\n<title>Shop - Gr\u00f6\u00dfentabelle | Fernweh-Motive<\/title>\n<meta name=\"description\" content=\"Gr\u00f6\u00dfentabellen Orca-Shirt Orca-Longsleeve Orca-Hoody - unisex zur\u00fcck zum\" \/>\n<meta name=\"robots\" content=\"index, follow, max-snippet:-1, max-image-preview:large, max-video-preview:-1\" \/>\n<link rel=\"canonical\" href=\"https:\/\/fernwehmotive.de\/en\/shop-groessentabelle\/\" \/>\n<meta property=\"og:locale\" content=\"en_US\" \/>\n<meta property=\"og:type\" content=\"article\" \/>\n<meta property=\"og:title\" content=\"Shop - Gr\u00f6\u00dfentabelle | Fernweh-Motive\" \/>\n<meta property=\"og:description\" content=\"Gr\u00f6\u00dfentabellen Orca-Shirt Orca-Longsleeve Orca-Hoody - unisex zur\u00fcck zum\" \/>\n<meta property=\"og:url\" content=\"https:\/\/fernwehmotive.de\/en\/shop-groessentabelle\/\" \/>\n<meta property=\"og:site_name\" content=\"Fernweh-Motive\" \/>\n<meta property=\"article:modified_time\" content=\"2023-05-23T16:09:46+00:00\" \/>\n<meta property=\"og:image\" content=\"https:\/\/fernwehmotive.de\/wp-content\/uploads\/2023\/05\/Bildschirmfoto-2023-05-22-um-14.05.50.png\" \/>\n<meta name=\"twitter:card\" content=\"summary_large_image\" \/>\n<meta name=\"twitter:label1\" content=\"Est. reading time\" \/>\n\t<meta name=\"twitter:data1\" content=\"1 minute\" \/>\n<script type=\"application\/ld+json\" class=\"yoast-schema-graph\">{\"@context\":\"https:\\\/\\\/schema.org\",\"@graph\":[{\"@type\":\"WebPage\",\"@id\":\"https:\\\/\\\/fernwehmotive.de\\\/shop-groessentabelle\\\/\",\"url\":\"https:\\\/\\\/fernwehmotive.de\\\/shop-groessentabelle\\\/\",\"name\":\"Shop - Gr\u00f6\u00dfentabelle | Fernweh-Motive\",\"isPartOf\":{\"@id\":\"https:\\\/\\\/fernwehmotive.de\\\/#website\"},\"primaryImageOfPage\":{\"@id\":\"https:\\\/\\\/fernwehmotive.de\\\/shop-groessentabelle\\\/#primaryimage\"},\"image\":{\"@id\":\"https:\\\/\\\/fernwehmotive.de\\\/shop-groessentabelle\\\/#primaryimage\"},\"thumbnailUrl\":\"https:\\\/\\\/fernwehmotive.de\\\/wp-content\\\/uploads\\\/2023\\\/05\\\/Bildschirmfoto-2023-05-22-um-14.05.50.png\",\"datePublished\":\"2023-05-22T12:36:28+00:00\",\"dateModified\":\"2023-05-23T16:09:46+00:00\",\"description\":\"Gr\u00f6\u00dfentabellen Orca-Shirt Orca-Longsleeve Orca-Hoody - unisex zur\u00fcck zum\",\"breadcrumb\":{\"@id\":\"https:\\\/\\\/fernwehmotive.de\\\/shop-groessentabelle\\\/#breadcrumb\"},\"inLanguage\":\"en-US\",\"potentialAction\":[{\"@type\":\"ReadAction\",\"target\":[\"https:\\\/\\\/fernwehmotive.de\\\/shop-groessentabelle\\\/\"]}]},{\"@type\":\"ImageObject\",\"inLanguage\":\"en-US\",\"@id\":\"https:\\\/\\\/fernwehmotive.de\\\/shop-groessentabelle\\\/#primaryimage\",\"url\":\"https:\\\/\\\/fernwehmotive.de\\\/wp-content\\\/uploads\\\/2023\\\/05\\\/Bildschirmfoto-2023-05-22-um-14.05.50.png\",\"contentUrl\":\"https:\\\/\\\/fernwehmotive.de\\\/wp-content\\\/uploads\\\/2023\\\/05\\\/Bildschirmfoto-2023-05-22-um-14.05.50.png\"},{\"@type\":\"BreadcrumbList\",\"@id\":\"https:\\\/\\\/fernwehmotive.de\\\/shop-groessentabelle\\\/#breadcrumb\",\"itemListElement\":[{\"@type\":\"ListItem\",\"position\":1,\"name\":\"Startseite\",\"item\":\"https:\\\/\\\/fernwehmotive.de\\\/\"},{\"@type\":\"ListItem\",\"position\":2,\"name\":\"Shop &#8211; Gr\u00f6\u00dfentabelle\"}]},{\"@type\":\"WebSite\",\"@id\":\"https:\\\/\\\/fernwehmotive.de\\\/#website\",\"url\":\"https:\\\/\\\/fernwehmotive.de\\\/\",\"name\":\"Fernweh-Motive\",\"description\":\"Unterwegs mit Rucksack und Kamera\",\"publisher\":{\"@id\":\"https:\\\/\\\/fernwehmotive.de\\\/#\\\/schema\\\/person\\\/68cd356b32dd8b38725e7286bbb30318\"},\"potentialAction\":[{\"@type\":\"SearchAction\",\"target\":{\"@type\":\"EntryPoint\",\"urlTemplate\":\"https:\\\/\\\/fernwehmotive.de\\\/?s={search_term_string}\"},\"query-input\":{\"@type\":\"PropertyValueSpecification\",\"valueRequired\":true,\"valueName\":\"search_term_string\"}}],\"inLanguage\":\"en-US\"},{\"@type\":[\"Person\",\"Organization\"],\"@id\":\"https:\\\/\\\/fernwehmotive.de\\\/#\\\/schema\\\/person\\\/68cd356b32dd8b38725e7286bbb30318\",\"name\":\"Mareike Schadach\",\"logo\":{\"@id\":\"https:\\\/\\\/fernwehmotive.de\\\/#\\\/schema\\\/person\\\/image\\\/\"}}]}<\/script>\n<!-- \/ Yoast SEO plugin. -->","yoast_head_json":{"title":"Shop - Gr\u00f6\u00dfentabelle | Fernweh-Motive","description":"Gr\u00f6\u00dfentabellen Orca-Shirt Orca-Longsleeve Orca-Hoody - unisex zur\u00fcck zum","robots":{"index":"index","follow":"follow","max-snippet":"max-snippet:-1","max-image-preview":"max-image-preview:large","max-video-preview":"max-video-preview:-1"},"canonical":"https:\/\/fernwehmotive.de\/en\/shop-groessentabelle\/","og_locale":"en_US","og_type":"article","og_title":"Shop - Gr\u00f6\u00dfentabelle | Fernweh-Motive","og_description":"Gr\u00f6\u00dfentabellen Orca-Shirt Orca-Longsleeve Orca-Hoody - unisex zur\u00fcck zum","og_url":"https:\/\/fernwehmotive.de\/en\/shop-groessentabelle\/","og_site_name":"Fernweh-Motive","article_modified_time":"2023-05-23T16:09:46+00:00","og_image":[{"url":"https:\/\/fernwehmotive.de\/wp-content\/uploads\/2023\/05\/Bildschirmfoto-2023-05-22-um-14.05.50.png","type":"","width":"","height":""}],"twitter_card":"summary_large_image","twitter_misc":{"Est. reading time":"1 minute"},"schema":{"@context":"https:\/\/schema.org","@graph":[{"@type":"WebPage","@id":"https:\/\/fernwehmotive.de\/shop-groessentabelle\/","url":"https:\/\/fernwehmotive.de\/shop-groessentabelle\/","name":"Shop - Gr\u00f6\u00dfentabelle | Fernweh-Motive","isPartOf":{"@id":"https:\/\/fernwehmotive.de\/#website"},"primaryImageOfPage":{"@id":"https:\/\/fernwehmotive.de\/shop-groessentabelle\/#primaryimage"},"image":{"@id":"https:\/\/fernwehmotive.de\/shop-groessentabelle\/#primaryimage"},"thumbnailUrl":"https:\/\/fernwehmotive.de\/wp-content\/uploads\/2023\/05\/Bildschirmfoto-2023-05-22-um-14.05.50.png","datePublished":"2023-05-22T12:36:28+00:00","dateModified":"2023-05-23T16:09:46+00:00","description":"Gr\u00f6\u00dfentabellen Orca-Shirt Orca-Longsleeve Orca-Hoody - unisex zur\u00fcck zum","breadcrumb":{"@id":"https:\/\/fernwehmotive.de\/shop-groessentabelle\/#breadcrumb"},"inLanguage":"en-US","potentialAction":[{"@type":"ReadAction","target":["https:\/\/fernwehmotive.de\/shop-groessentabelle\/"]}]},{"@type":"ImageObject","inLanguage":"en-US","@id":"https:\/\/fernwehmotive.de\/shop-groessentabelle\/#primaryimage","url":"https:\/\/fernwehmotive.de\/wp-content\/uploads\/2023\/05\/Bildschirmfoto-2023-05-22-um-14.05.50.png","contentUrl":"https:\/\/fernwehmotive.de\/wp-content\/uploads\/2023\/05\/Bildschirmfoto-2023-05-22-um-14.05.50.png"},{"@type":"BreadcrumbList","@id":"https:\/\/fernwehmotive.de\/shop-groessentabelle\/#breadcrumb","itemListElement":[{"@type":"ListItem","position":1,"name":"Startseite","item":"https:\/\/fernwehmotive.de\/"},{"@type":"ListItem","position":2,"name":"Shop &#8211; Gr\u00f6\u00dfentabelle"}]},{"@type":"WebSite","@id":"https:\/\/fernwehmotive.de\/#website","url":"https:\/\/fernwehmotive.de\/","name":"Fernweh-Motive","description":"on the Trail with Backpack and Camera","publisher":{"@id":"https:\/\/fernwehmotive.de\/#\/schema\/person\/68cd356b32dd8b38725e7286bbb30318"},"potentialAction":[{"@type":"SearchAction","target":{"@type":"EntryPoint","urlTemplate":"https:\/\/fernwehmotive.de\/?s={search_term_string}"},"query-input":{"@type":"PropertyValueSpecification","valueRequired":true,"valueName":"search_term_string"}}],"inLanguage":"en-US"},{"@type":["Person","Organization"],"@id":"https:\/\/fernwehmotive.de\/#\/schema\/person\/68cd356b32dd8b38725e7286bbb30318","name":"Mareike Schadach","logo":{"@id":"https:\/\/fernwehmotive.de\/#\/schema\/person\/image\/"}}]}},"jetpack_sharing_enabled":true,"jetpack_shortlink":"https:\/\/wp.me\/PawkEb-3KY","_links":{"self":[{"href":"https:\/\/fernwehmotive.de\/en\/wp-json\/wp\/v2\/pages\/14444","targetHints":{"allow":["GET"]}}],"collection":[{"href":"https:\/\/fernwehmotive.de\/en\/wp-json\/wp\/v2\/pages"}],"about":[{"href":"https:\/\/fernwehmotive.de\/en\/wp-json\/wp\/v2\/types\/page"}],"author":[{"embeddable":true,"href":"https:\/\/fernwehmotive.de\/en\/wp-json\/wp\/v2\/users\/1"}],"replies":[{"embeddable":true,"href":"https:\/\/fernwehmotive.de\/en\/wp-json\/wp\/v2\/comments?post=14444"}],"version-history":[{"count":1,"href":"https:\/\/fernwehmotive.de\/en\/wp-json\/wp\/v2\/pages\/14444\/revisions"}],"predecessor-version":[{"id":14534,"href":"https:\/\/fernwehmotive.de\/en\/wp-json\/wp\/v2\/pages\/14444\/revisions\/14534"}],"wp:attachment":[{"href":"https:\/\/fernwehmotive.de\/en\/wp-json\/wp\/v2\/media?parent=14444"}],"curies":[{"name":"wp","href":"https:\/\/api.w.org\/{rel}","templated":true}]}}