{"id":11368,"date":"2021-03-09T15:07:01","date_gmt":"2021-03-09T14:07:01","guid":{"rendered":"https:\/\/fernwehmotive.de\/?page_id=11368"},"modified":"2021-03-27T17:06:28","modified_gmt":"2021-03-27T16:06:28","slug":"lizenzen","status":"publish","type":"page","link":"https:\/\/fernwehmotive.de\/en\/lizenzen\/","title":{"rendered":"Licensing"},"content":{"rendered":"<p>I am happy that you like my photos and want to use them. Please contact me and tell me for which photo and for which purpose you want to buy a license. Depending on the purpose of use (web and presentation image and\/or print image in high resolution) a license fee will be charged. <\/p>\n\n\n\n<p>Most of my images are uncompressed and available in high resolution. The images you see on my blog, however, are only uploaded in reduced resolution. This shortens loading times and is less tempting for image thieves. <\/p>\n\n\n\n<p>With the purchase of a license, a <strong>license agreement<\/strong> is concluded. My photos may only be used on this basis and also only with indication of the source. If one of my photos is used in the original or in edited form without prior conclusion of a licence agreement, you automatically agree to a usage fee of at least 250 euros per image (depending on the purpose and duration of use). You will then receive an invoice from me.<\/p>\n\n\n\n<div class=\"wp-block-buttons is-layout-flex wp-block-buttons-is-layout-flex\">\n<div class=\"wp-block-button\"><a class=\"wp-block-button__link\">Contact<\/a><\/div>\n<\/div>","protected":false},"excerpt":{"rendered":"<p>Ich freue mich wenn euch meine Fotos gefallen und ihr sie verwenden m\u00f6chtet. Bitte sprecht mich an und teilt mir mit, f\u00fcr welches Foto und f\u00fcr welchen Nutzungszweck ihr eine Lizenz erwerben m\u00f6chtet. Abh\u00e4ngig vom Nutzungszweck (Web- und Pr\u00e4sentationsbild und\/oder Druckbild in hoher Aufl\u00f6sung) f\u00e4llt eine Lizenzgeb\u00fchr an. Die meisten meiner Bilder sind unkomprimiert und [&hellip;]<\/p>\n","protected":false},"author":1,"featured_media":0,"parent":0,"menu_order":0,"comment_status":"closed","ping_status":"closed","template":"","meta":{"jetpack_post_was_ever_published":false,"tdm_status":"","tdm_grid_status":"","footnotes":"","_wp_rev_ctl_limit":""},"class_list":["post-11368","page","type-page","status-publish"],"yoast_head":"<!-- This site is optimized with the Yoast SEO plugin v27.3 - https:\/\/yoast.com\/product\/yoast-seo-wordpress\/ -->\n<title>Lizenzen | Fernweh-Motive<\/title>\n<meta name=\"description\" content=\"Regelungen bzgl. der Vergabe von Bildlizenzen f\u00fcr die Verwendung von Fotos auf Fernweh-Motive f\u00fcr Web- und Druckmedien.\" \/>\n<meta name=\"robots\" content=\"index, follow, max-snippet:-1, max-image-preview:large, max-video-preview:-1\" \/>\n<link rel=\"canonical\" href=\"https:\/\/fernwehmotive.de\/en\/lizenzen\/\" \/>\n<meta property=\"og:locale\" content=\"en_US\" \/>\n<meta property=\"og:type\" content=\"article\" \/>\n<meta property=\"og:title\" content=\"Lizenzen | Fernweh-Motive\" \/>\n<meta property=\"og:description\" content=\"Regelungen bzgl. der Vergabe von Bildlizenzen f\u00fcr die Verwendung von Fotos auf Fernweh-Motive f\u00fcr Web- und Druckmedien.\" \/>\n<meta property=\"og:url\" content=\"https:\/\/fernwehmotive.de\/en\/lizenzen\/\" \/>\n<meta property=\"og:site_name\" content=\"Fernweh-Motive\" \/>\n<meta property=\"article:modified_time\" content=\"2021-03-27T16:06:28+00:00\" \/>\n<meta name=\"twitter:card\" content=\"summary_large_image\" \/>\n<meta name=\"twitter:label1\" content=\"Est. reading time\" \/>\n\t<meta name=\"twitter:data1\" content=\"1 minute\" \/>\n<script type=\"application\/ld+json\" class=\"yoast-schema-graph\">{\"@context\":\"https:\\\/\\\/schema.org\",\"@graph\":[{\"@type\":\"WebPage\",\"@id\":\"https:\\\/\\\/fernwehmotive.de\\\/lizenzen\\\/\",\"url\":\"https:\\\/\\\/fernwehmotive.de\\\/lizenzen\\\/\",\"name\":\"Lizenzen | Fernweh-Motive\",\"isPartOf\":{\"@id\":\"https:\\\/\\\/fernwehmotive.de\\\/#website\"},\"datePublished\":\"2021-03-09T14:07:01+00:00\",\"dateModified\":\"2021-03-27T16:06:28+00:00\",\"description\":\"Regelungen bzgl. der Vergabe von Bildlizenzen f\u00fcr die Verwendung von Fotos auf Fernweh-Motive f\u00fcr Web- und Druckmedien.\",\"breadcrumb\":{\"@id\":\"https:\\\/\\\/fernwehmotive.de\\\/lizenzen\\\/#breadcrumb\"},\"inLanguage\":\"en-US\",\"potentialAction\":[{\"@type\":\"ReadAction\",\"target\":[\"https:\\\/\\\/fernwehmotive.de\\\/lizenzen\\\/\"]}]},{\"@type\":\"BreadcrumbList\",\"@id\":\"https:\\\/\\\/fernwehmotive.de\\\/lizenzen\\\/#breadcrumb\",\"itemListElement\":[{\"@type\":\"ListItem\",\"position\":1,\"name\":\"Startseite\",\"item\":\"https:\\\/\\\/fernwehmotive.de\\\/\"},{\"@type\":\"ListItem\",\"position\":2,\"name\":\"Lizenzen\"}]},{\"@type\":\"WebSite\",\"@id\":\"https:\\\/\\\/fernwehmotive.de\\\/#website\",\"url\":\"https:\\\/\\\/fernwehmotive.de\\\/\",\"name\":\"Fernweh-Motive\",\"description\":\"Unterwegs mit Rucksack und Kamera\",\"publisher\":{\"@id\":\"https:\\\/\\\/fernwehmotive.de\\\/#\\\/schema\\\/person\\\/68cd356b32dd8b38725e7286bbb30318\"},\"potentialAction\":[{\"@type\":\"SearchAction\",\"target\":{\"@type\":\"EntryPoint\",\"urlTemplate\":\"https:\\\/\\\/fernwehmotive.de\\\/?s={search_term_string}\"},\"query-input\":{\"@type\":\"PropertyValueSpecification\",\"valueRequired\":true,\"valueName\":\"search_term_string\"}}],\"inLanguage\":\"en-US\"},{\"@type\":[\"Person\",\"Organization\"],\"@id\":\"https:\\\/\\\/fernwehmotive.de\\\/#\\\/schema\\\/person\\\/68cd356b32dd8b38725e7286bbb30318\",\"name\":\"Mareike Schadach\",\"logo\":{\"@id\":\"https:\\\/\\\/fernwehmotive.de\\\/#\\\/schema\\\/person\\\/image\\\/\"}}]}<\/script>\n<!-- \/ Yoast SEO plugin. -->","yoast_head_json":{"title":"Lizenzen | Fernweh-Motive","description":"Regelungen bzgl. der Vergabe von Bildlizenzen f\u00fcr die Verwendung von Fotos auf Fernweh-Motive f\u00fcr Web- und Druckmedien.","robots":{"index":"index","follow":"follow","max-snippet":"max-snippet:-1","max-image-preview":"max-image-preview:large","max-video-preview":"max-video-preview:-1"},"canonical":"https:\/\/fernwehmotive.de\/en\/lizenzen\/","og_locale":"en_US","og_type":"article","og_title":"Lizenzen | Fernweh-Motive","og_description":"Regelungen bzgl. der Vergabe von Bildlizenzen f\u00fcr die Verwendung von Fotos auf Fernweh-Motive f\u00fcr Web- und Druckmedien.","og_url":"https:\/\/fernwehmotive.de\/en\/lizenzen\/","og_site_name":"Fernweh-Motive","article_modified_time":"2021-03-27T16:06:28+00:00","twitter_card":"summary_large_image","twitter_misc":{"Est. reading time":"1 minute"},"schema":{"@context":"https:\/\/schema.org","@graph":[{"@type":"WebPage","@id":"https:\/\/fernwehmotive.de\/lizenzen\/","url":"https:\/\/fernwehmotive.de\/lizenzen\/","name":"Lizenzen | Fernweh-Motive","isPartOf":{"@id":"https:\/\/fernwehmotive.de\/#website"},"datePublished":"2021-03-09T14:07:01+00:00","dateModified":"2021-03-27T16:06:28+00:00","description":"Regelungen bzgl. der Vergabe von Bildlizenzen f\u00fcr die Verwendung von Fotos auf Fernweh-Motive f\u00fcr Web- und Druckmedien.","breadcrumb":{"@id":"https:\/\/fernwehmotive.de\/lizenzen\/#breadcrumb"},"inLanguage":"en-US","potentialAction":[{"@type":"ReadAction","target":["https:\/\/fernwehmotive.de\/lizenzen\/"]}]},{"@type":"BreadcrumbList","@id":"https:\/\/fernwehmotive.de\/lizenzen\/#breadcrumb","itemListElement":[{"@type":"ListItem","position":1,"name":"Startseite","item":"https:\/\/fernwehmotive.de\/"},{"@type":"ListItem","position":2,"name":"Lizenzen"}]},{"@type":"WebSite","@id":"https:\/\/fernwehmotive.de\/#website","url":"https:\/\/fernwehmotive.de\/","name":"Fernweh-Motive","description":"on the Trail with Backpack and Camera","publisher":{"@id":"https:\/\/fernwehmotive.de\/#\/schema\/person\/68cd356b32dd8b38725e7286bbb30318"},"potentialAction":[{"@type":"SearchAction","target":{"@type":"EntryPoint","urlTemplate":"https:\/\/fernwehmotive.de\/?s={search_term_string}"},"query-input":{"@type":"PropertyValueSpecification","valueRequired":true,"valueName":"search_term_string"}}],"inLanguage":"en-US"},{"@type":["Person","Organization"],"@id":"https:\/\/fernwehmotive.de\/#\/schema\/person\/68cd356b32dd8b38725e7286bbb30318","name":"Mareike Schadach","logo":{"@id":"https:\/\/fernwehmotive.de\/#\/schema\/person\/image\/"}}]}},"jetpack_sharing_enabled":true,"jetpack_shortlink":"https:\/\/wp.me\/PawkEb-2Xm","_links":{"self":[{"href":"https:\/\/fernwehmotive.de\/en\/wp-json\/wp\/v2\/pages\/11368","targetHints":{"allow":["GET"]}}],"collection":[{"href":"https:\/\/fernwehmotive.de\/en\/wp-json\/wp\/v2\/pages"}],"about":[{"href":"https:\/\/fernwehmotive.de\/en\/wp-json\/wp\/v2\/types\/page"}],"author":[{"embeddable":true,"href":"https:\/\/fernwehmotive.de\/en\/wp-json\/wp\/v2\/users\/1"}],"replies":[{"embeddable":true,"href":"https:\/\/fernwehmotive.de\/en\/wp-json\/wp\/v2\/comments?post=11368"}],"version-history":[{"count":1,"href":"https:\/\/fernwehmotive.de\/en\/wp-json\/wp\/v2\/pages\/11368\/revisions"}],"predecessor-version":[{"id":11473,"href":"https:\/\/fernwehmotive.de\/en\/wp-json\/wp\/v2\/pages\/11368\/revisions\/11473"}],"wp:attachment":[{"href":"https:\/\/fernwehmotive.de\/en\/wp-json\/wp\/v2\/media?parent=11368"}],"curies":[{"name":"wp","href":"https:\/\/api.w.org\/{rel}","templated":true}]}}